{"id":9,"date":"2026-01-14T00:08:16","date_gmt":"2026-01-13T23:08:16","guid":{"rendered":"https:\/\/kidsuco.duckdns.org\/?page_id=9"},"modified":"2026-01-14T00:08:16","modified_gmt":"2026-01-13T23:08:16","slug":"das-haus-am-kornfeld","status":"publish","type":"page","link":"https:\/\/kidsuco.duckdns.org\/index.php\/das-haus-am-kornfeld\/","title":{"rendered":"Das Haus am Kornfeld"},"content":{"rendered":"\n<p>Ein sicherer Ort f\u00fcr Entwicklung und neue Perspektiven. <br><br>Die KIDS &amp; CO GmbH bietet seit 1999 professionelle Unterst\u00fctzung f\u00fcr Kinder und Jugendliche in Berlin-Mahlsdorf. <\/p>\n\n\n\n<p><strong>Wer wir sind:<\/strong> Wir sind eine ideologisch und weltanschaulich ungebundene Einrichtung.<\/p>\n\n\n\n<p><strong>Unser Fokus:<\/strong> Das Wohl der bei uns lebenden Kinder und Jugendlichen steht im Mittelpunkt jeder unserer Handlungen. <\/p>\n\n\n\n<p><strong>Unser Team:<\/strong> Erfahrene Erzieherinnen und P\u00e4dagogInnen begleiten die jungen Menschen rund um die Uhr. <\/p>\n","protected":false},"excerpt":{"rendered":"<p>Ein sicherer Ort f\u00fcr Entwicklung und neue Perspektiven. Die KIDS &amp; CO GmbH bietet seit 1999 professionelle Unterst\u00fctzung f\u00fcr Kinder und Jugendliche in Berlin-Mahlsdorf. Wer wir sind: Wir sind eine ideologisch und weltanschaulich ungebundene Einrichtung. Unser Fokus: Das Wohl der bei uns lebenden Kinder und Jugendlichen steht im Mittelpunkt jeder unserer Handlungen. Unser Team: Erfahrene [&hellip;]<\/p>\n","protected":false},"author":1,"featured_media":0,"parent":0,"menu_order":0,"comment_status":"closed","ping_status":"closed","template":"","meta":{"footnotes":""},"class_list":["post-9","page","type-page","status-publish","hentry"],"_links":{"self":[{"href":"https:\/\/kidsuco.duckdns.org\/index.php\/wp-json\/wp\/v2\/pages\/9","targetHints":{"allow":["GET"]}}],"collection":[{"href":"https:\/\/kidsuco.duckdns.org\/index.php\/wp-json\/wp\/v2\/pages"}],"about":[{"href":"https:\/\/kidsuco.duckdns.org\/index.php\/wp-json\/wp\/v2\/types\/page"}],"author":[{"embeddable":true,"href":"https:\/\/kidsuco.duckdns.org\/index.php\/wp-json\/wp\/v2\/users\/1"}],"replies":[{"embeddable":true,"href":"https:\/\/kidsuco.duckdns.org\/index.php\/wp-json\/wp\/v2\/comments?post=9"}],"version-history":[{"count":1,"href":"https:\/\/kidsuco.duckdns.org\/index.php\/wp-json\/wp\/v2\/pages\/9\/revisions"}],"predecessor-version":[{"id":10,"href":"https:\/\/kidsuco.duckdns.org\/index.php\/wp-json\/wp\/v2\/pages\/9\/revisions\/10"}],"wp:attachment":[{"href":"https:\/\/kidsuco.duckdns.org\/index.php\/wp-json\/wp\/v2\/media?parent=9"}],"curies":[{"name":"wp","href":"https:\/\/api.w.org\/{rel}","templated":true}]}}