{"id":11,"date":"2026-01-14T00:08:16","date_gmt":"2026-01-13T23:08:16","guid":{"rendered":"https:\/\/kidsuco.duckdns.org\/?page_id=11"},"modified":"2026-01-14T00:08:16","modified_gmt":"2026-01-13T23:08:16","slug":"unsere-wohnformen","status":"publish","type":"page","link":"https:\/\/kidsuco.duckdns.org\/index.php\/unsere-wohnformen\/","title":{"rendered":"Unsere Wohnformen"},"content":{"rendered":"\n<figure class=\"wp-block-table\"><table class=\"has-fixed-layout\"><tbody><tr><td><strong>Gruppenangebot \/ Regelleistung<\/strong><\/td><td>Ab 6 Jahre <sup><\/sup><sup><\/sup><sup><\/sup><sup><\/sup><\/td><td>10 Pl\u00e4tze nach \u00a7 34 SGB VIII. <sup><\/sup><sup><\/sup><sup><\/sup><sup><\/sup><\/td><\/tr><tr><td><strong>Familienanaloge Wohngruppe<\/strong><\/td><td>Ab 0 Jahre <sup><\/sup><sup><\/sup><sup><\/sup><sup><\/sup><\/td><td>Intensivleistung mit 5 Pl\u00e4tzen. <sup><\/sup><sup><\/sup><sup><\/sup><sup><\/sup><\/td><\/tr><tr><td><strong>Betreutes Jugendwohnen (WG)<\/strong><\/td><td>Ab 15 Jahre <sup><\/sup><sup><\/sup><sup><\/sup><sup><\/sup><\/td><td>2 x 3 Pl\u00e4tze in einer sozialp\u00e4d. Wohngemeinschaft. <sup><\/sup><sup><\/sup><sup><\/sup><sup><\/sup><\/td><\/tr><tr><td><strong>Betreutes Einzelwohnen<\/strong><\/td><td>Individuell <sup><\/sup><\/td><td>Von 5,5 bis 15 Stunden Betreuung pro Woche<\/td><\/tr><\/tbody><\/table><\/figure>\n\n\n\n<hr class=\"wp-block-separator has-alpha-channel-opacity\"\/>\n\n\n\n<h3 class=\"wp-block-heading\"><\/h3>\n\n\n\n<p><\/p>\n","protected":false},"excerpt":{"rendered":"<p>Gruppenangebot \/ Regelleistung Ab 6 Jahre 10 Pl\u00e4tze nach \u00a7 34 SGB VIII. Familienanaloge Wohngruppe Ab 0 Jahre Intensivleistung mit 5 Pl\u00e4tzen. Betreutes Jugendwohnen (WG) Ab 15 Jahre 2 x 3 Pl\u00e4tze in einer sozialp\u00e4d. Wohngemeinschaft. Betreutes Einzelwohnen Individuell Von 5,5 bis 15 Stunden Betreuung pro Woche<\/p>\n","protected":false},"author":1,"featured_media":0,"parent":0,"menu_order":0,"comment_status":"closed","ping_status":"closed","template":"","meta":{"footnotes":""},"class_list":["post-11","page","type-page","status-publish","hentry"],"_links":{"self":[{"href":"https:\/\/kidsuco.duckdns.org\/index.php\/wp-json\/wp\/v2\/pages\/11","targetHints":{"allow":["GET"]}}],"collection":[{"href":"https:\/\/kidsuco.duckdns.org\/index.php\/wp-json\/wp\/v2\/pages"}],"about":[{"href":"https:\/\/kidsuco.duckdns.org\/index.php\/wp-json\/wp\/v2\/types\/page"}],"author":[{"embeddable":true,"href":"https:\/\/kidsuco.duckdns.org\/index.php\/wp-json\/wp\/v2\/users\/1"}],"replies":[{"embeddable":true,"href":"https:\/\/kidsuco.duckdns.org\/index.php\/wp-json\/wp\/v2\/comments?post=11"}],"version-history":[{"count":1,"href":"https:\/\/kidsuco.duckdns.org\/index.php\/wp-json\/wp\/v2\/pages\/11\/revisions"}],"predecessor-version":[{"id":12,"href":"https:\/\/kidsuco.duckdns.org\/index.php\/wp-json\/wp\/v2\/pages\/11\/revisions\/12"}],"wp:attachment":[{"href":"https:\/\/kidsuco.duckdns.org\/index.php\/wp-json\/wp\/v2\/media?parent=11"}],"curies":[{"name":"wp","href":"https:\/\/api.w.org\/{rel}","templated":true}]}}